{"id":35,"date":"2016-01-16T15:56:37","date_gmt":"2016-01-16T15:56:37","guid":{"rendered":"http:\/\/stigter-voetverzorging.nl\/?page_id=35"},"modified":"2016-03-08T09:38:36","modified_gmt":"2016-03-08T09:38:36","slug":"uw-factuur","status":"publish","type":"page","link":"https:\/\/stigter-voetverzorging.nl\/?page_id=35","title":{"rendered":"UW FACTUUR"},"content":{"rendered":"<header class=\"entry-header\">\n<h6 class=\"western\">Tot\u00a02015 kreeg u\u00a0een factuur voor de behandeling zodat u deze eventueel\u00a0bij uw zorgverzekeraar kon declareren. Nu\u00a0wordt onderscheid gemaakt tussen medisch handelen en cosmetisch handelen.<\/h6>\n<div class=\"entry-content\">\n<p>De\u00a0cli\u00ebnt kan het beste v\u00f3\u00f3r de behandeling overleggen met de pedicure om de (medisch voorgeschreven)\u00a0behandeling uit te breiden met\u00a0een\u00a0\u00a0zogenaamde cosmetische behandeling.<\/p>\n<p>Bij het afrekenen van de behandeling zal de cli\u00ebnt met een zorgprofiel 2 en hoger een extra factuur ontvangen van de pedicure. Deze factuur\u00a0zal aan de pedicure betaald\u00a0moeten worden.\u00a0De pedicure declareert het medisch noodzakelijke gedeelte bij de podotherapeut.<\/p>\n<p><img loading=\"lazy\" decoding=\"async\" class=\"alignnone size-medium wp-image-8\" src=\"http:\/\/stigter-voetverzorging.nl\/wp-content\/uploads\/2016\/01\/cropped-050614anita-inactie-20002-1024x246-300x72.gif\" alt=\"cropped-050614anita-inactie-20002-1024x246\" width=\"300\" height=\"72\" srcset=\"https:\/\/stigter-voetverzorging.nl\/wp-content\/uploads\/2016\/01\/cropped-050614anita-inactie-20002-1024x246-300x72.gif 300w, https:\/\/stigter-voetverzorging.nl\/wp-content\/uploads\/2016\/01\/cropped-050614anita-inactie-20002-1024x246-768x185.gif 768w, https:\/\/stigter-voetverzorging.nl\/wp-content\/uploads\/2016\/01\/cropped-050614anita-inactie-20002-1024x246-1024x246.gif 1024w\" sizes=\"(max-width: 300px) 100vw, 300px\" \/><\/p>\n<p><strong><b>Wat wordt verstaan onder \u00a0Cosmetische \u00a0\u00a0\u00a0Voetzorg :<\/b><\/strong><\/p>\n<p>Kosten voor Voetzorg welke buiten de noodzakelijke zorg ter preventie van voetulcera vallen,<\/p>\n<p>Deze kosten worden door de pedicure apart in rekening\u00a0 gebracht mits de pedicure dit vooraf met de cli\u00ebnt\/pati\u00ebnt \u00a0is overeengekomen.<\/p>\n<p>Voorbeelden hiervan zijn:<\/p>\n<ul>\n<li>toepassen van speciale technieken.<\/li>\n<li>behandelen van gezonde nagels in de zorgprofielen 2, 3, 4.<\/li>\n<li>de voorrijkosten bij ambulante voetzorg (aan huis).<\/li>\n<\/ul>\n<p>&nbsp;<\/p>\n<\/div>\n<\/header>\n","protected":false},"excerpt":{"rendered":"<p>Tot\u00a02015 kreeg u\u00a0een factuur voor de behandeling zodat u deze eventueel\u00a0bij uw zorgverzekeraar kon declareren. Nu\u00a0wordt onderscheid gemaakt tussen medisch handelen en cosmetisch handelen. De\u00a0cli\u00ebnt kan het beste v\u00f3\u00f3r de behandeling overleggen met de pedicure om de (medisch voorgeschreven)\u00a0behandeling uit te breiden met\u00a0een\u00a0\u00a0zogenaamde cosmetische behandeling. Bij het afrekenen van de behandeling zal de cli\u00ebnt met &hellip; <a href=\"https:\/\/stigter-voetverzorging.nl\/?page_id=35\" class=\"more-link\">Lees verder <span class=\"screen-reader-text\">UW FACTUUR<\/span> <span class=\"meta-nav\">&rarr;<\/span><\/a><\/p>\n","protected":false},"author":1,"featured_media":0,"parent":0,"menu_order":0,"comment_status":"closed","ping_status":"closed","template":"","meta":{"footnotes":""},"_links":{"self":[{"href":"https:\/\/stigter-voetverzorging.nl\/index.php?rest_route=\/wp\/v2\/pages\/35"}],"collection":[{"href":"https:\/\/stigter-voetverzorging.nl\/index.php?rest_route=\/wp\/v2\/pages"}],"about":[{"href":"https:\/\/stigter-voetverzorging.nl\/index.php?rest_route=\/wp\/v2\/types\/page"}],"author":[{"embeddable":true,"href":"https:\/\/stigter-voetverzorging.nl\/index.php?rest_route=\/wp\/v2\/users\/1"}],"replies":[{"embeddable":true,"href":"https:\/\/stigter-voetverzorging.nl\/index.php?rest_route=%2Fwp%2Fv2%2Fcomments&post=35"}],"version-history":[{"count":5,"href":"https:\/\/stigter-voetverzorging.nl\/index.php?rest_route=\/wp\/v2\/pages\/35\/revisions"}],"predecessor-version":[{"id":89,"href":"https:\/\/stigter-voetverzorging.nl\/index.php?rest_route=\/wp\/v2\/pages\/35\/revisions\/89"}],"wp:attachment":[{"href":"https:\/\/stigter-voetverzorging.nl\/index.php?rest_route=%2Fwp%2Fv2%2Fmedia&parent=35"}],"curies":[{"name":"wp","href":"https:\/\/api.w.org\/{rel}","templated":true}]}}